{"id":821,"date":"2025-11-26T09:12:43","date_gmt":"2025-11-26T08:12:43","guid":{"rendered":"https:\/\/stilvoll-by-lila.com\/produkt\/bandana-de-jesus\/"},"modified":"2025-12-16T13:08:50","modified_gmt":"2025-12-16T12:08:50","slug":"bandana-de-jesus","status":"publish","type":"product","link":"https:\/\/stilvoll-by-lila.com\/pt-pt\/produkt\/bandana-de-jesus\/","title":{"rendered":"Jesus-Bandana Leo"},"content":{"rendered":"<p>A nossa bandana Jesus com padr\u00e3o leopardo vai certamente chamar a aten\u00e7\u00e3o \u2014 e far\u00e1 com que se destaque. O acess\u00f3rio perfeito para iniciar uma conversa.<br \/>\nO padr\u00e3o leopardo e o vermelho simbolizam paix\u00e3o e autoconfian\u00e7a. Com o seu delicado acabamento em cetim, este len\u00e7o ligeiramente transparente tem um aspeto elegante e incrivelmente bonito. \u00c9 exatamente por isso que pode us\u00e1-lo em diversas ocasi\u00f5es e usar este acess\u00f3rio para dar um toque especial a qualquer look.   <\/p>\n","protected":false},"excerpt":{"rendered":"<p>A nossa bandana Jesus com padr\u00e3o leopardo vai certamente chamar a aten\u00e7\u00e3o \u2014 e far\u00e1 com que se destaque. O acess\u00f3rio perfeito para iniciar uma conversa. O padr\u00e3o leopardo e o vermelho simbolizam paix\u00e3o e autoconfian\u00e7a. Com o seu delicado acabamento em cetim, este len\u00e7o ligeiramente transparente tem um aspeto elegante e incrivelmente bonito. \u00c9 [&hellip;]<\/p>\n","protected":false},"featured_media":1159,"comment_status":"open","ping_status":"closed","template":"","meta":{"inline_featured_image":false,"advanced_seo_description":"","jetpack_seo_html_title":"","jetpack_seo_noindex":false},"product_brand":[],"product_cat":[25],"product_tag":[],"class_list":{"0":"post-821","1":"product","2":"type-product","3":"status-publish","4":"has-post-thumbnail","6":"product_cat-sem-categoria","8":"first","9":"instock","10":"taxable","11":"shipping-taxable","12":"purchasable","13":"product-type-simple"},"jetpack_sharing_enabled":true,"_links":{"self":[{"href":"https:\/\/stilvoll-by-lila.com\/pt-pt\/wp-json\/wp\/v2\/product\/821","targetHints":{"allow":["GET"]}}],"collection":[{"href":"https:\/\/stilvoll-by-lila.com\/pt-pt\/wp-json\/wp\/v2\/product"}],"about":[{"href":"https:\/\/stilvoll-by-lila.com\/pt-pt\/wp-json\/wp\/v2\/types\/product"}],"replies":[{"embeddable":true,"href":"https:\/\/stilvoll-by-lila.com\/pt-pt\/wp-json\/wp\/v2\/comments?post=821"}],"wp:featuredmedia":[{"embeddable":true,"href":"https:\/\/stilvoll-by-lila.com\/pt-pt\/wp-json\/wp\/v2\/media\/1159"}],"wp:attachment":[{"href":"https:\/\/stilvoll-by-lila.com\/pt-pt\/wp-json\/wp\/v2\/media?parent=821"}],"wp:term":[{"taxonomy":"product_brand","embeddable":true,"href":"https:\/\/stilvoll-by-lila.com\/pt-pt\/wp-json\/wp\/v2\/product_brand?post=821"},{"taxonomy":"product_cat","embeddable":true,"href":"https:\/\/stilvoll-by-lila.com\/pt-pt\/wp-json\/wp\/v2\/product_cat?post=821"},{"taxonomy":"product_tag","embeddable":true,"href":"https:\/\/stilvoll-by-lila.com\/pt-pt\/wp-json\/wp\/v2\/product_tag?post=821"}],"curies":[{"name":"wp","href":"https:\/\/api.w.org\/{rel}","templated":true}]}}