{"id":827,"date":"2025-11-26T09:06:45","date_gmt":"2025-11-26T08:06:45","guid":{"rendered":"https:\/\/stilvoll-by-lila.com\/produkt\/blusa-wwjd-bege-areia\/"},"modified":"2025-12-18T11:34:43","modified_gmt":"2025-12-18T10:34:43","slug":"blusa-wwjd-bege-areia","status":"publish","type":"product","link":"https:\/\/stilvoll-by-lila.com\/pt-pt\/produkt\/blusa-wwjd-bege-areia\/","title":{"rendered":"Blusa WWJD, bege-areia"},"content":{"rendered":"<p>A nossa blusa WWJD bege-areia, com o seu tecido macio e flex\u00edvel, \u00e9 uma pe\u00e7a verdadeiramente especial \u2013 e o completo oposto do antiquado: incrivelmente elegante gra\u00e7as ao seu corte e glamorosa gra\u00e7as aos tr\u00eas bot\u00f5es com aspeto de pedras preciosas. Seja para usar com um fato no trabalho ou casualmente no seu tempo livre, n\u00e3o vai querer tirar esta blusa.<\/p>\n<p>Tecido macio e el\u00e1stico que se ajusta ao corpo e proporciona conforto. Um lembrete para boas decis\u00f5es \u00e9 bordado em prateado na altura do pulso direito. Dispon\u00edvel nos tamanhos S\/M e M\/L.<\/p>\n","protected":false},"excerpt":{"rendered":"<p>A nossa blusa WWJD bege-areia, com o seu tecido macio e flex\u00edvel, \u00e9 uma pe\u00e7a verdadeiramente especial \u2013 e o completo oposto do antiquado: incrivelmente elegante gra\u00e7as ao seu corte e glamorosa gra\u00e7as aos tr\u00eas bot\u00f5es com aspeto de pedras preciosas. Seja para usar com um fato no trabalho ou casualmente no seu tempo livre, [&hellip;]<\/p>\n","protected":false},"featured_media":1161,"comment_status":"open","ping_status":"closed","template":"","meta":{"inline_featured_image":false,"advanced_seo_description":"","jetpack_seo_html_title":"","jetpack_seo_noindex":false},"product_brand":[],"product_cat":[25],"product_tag":[],"class_list":{"0":"post-827","1":"product","2":"type-product","3":"status-publish","4":"has-post-thumbnail","6":"product_cat-sem-categoria","8":"first","9":"instock","10":"taxable","11":"shipping-taxable","12":"purchasable","13":"product-type-variable"},"jetpack_sharing_enabled":true,"_links":{"self":[{"href":"https:\/\/stilvoll-by-lila.com\/pt-pt\/wp-json\/wp\/v2\/product\/827","targetHints":{"allow":["GET"]}}],"collection":[{"href":"https:\/\/stilvoll-by-lila.com\/pt-pt\/wp-json\/wp\/v2\/product"}],"about":[{"href":"https:\/\/stilvoll-by-lila.com\/pt-pt\/wp-json\/wp\/v2\/types\/product"}],"replies":[{"embeddable":true,"href":"https:\/\/stilvoll-by-lila.com\/pt-pt\/wp-json\/wp\/v2\/comments?post=827"}],"wp:featuredmedia":[{"embeddable":true,"href":"https:\/\/stilvoll-by-lila.com\/pt-pt\/wp-json\/wp\/v2\/media\/1161"}],"wp:attachment":[{"href":"https:\/\/stilvoll-by-lila.com\/pt-pt\/wp-json\/wp\/v2\/media?parent=827"}],"wp:term":[{"taxonomy":"product_brand","embeddable":true,"href":"https:\/\/stilvoll-by-lila.com\/pt-pt\/wp-json\/wp\/v2\/product_brand?post=827"},{"taxonomy":"product_cat","embeddable":true,"href":"https:\/\/stilvoll-by-lila.com\/pt-pt\/wp-json\/wp\/v2\/product_cat?post=827"},{"taxonomy":"product_tag","embeddable":true,"href":"https:\/\/stilvoll-by-lila.com\/pt-pt\/wp-json\/wp\/v2\/product_tag?post=827"}],"curies":[{"name":"wp","href":"https:\/\/api.w.org\/{rel}","templated":true}]}}