{"id":993,"date":"2025-11-26T09:05:33","date_gmt":"2025-11-26T08:05:33","guid":{"rendered":"https:\/\/stilvoll-by-lila.com\/produkt\/t-shirt-wwjd-cor-bordeaux\/"},"modified":"2025-12-18T08:28:09","modified_gmt":"2025-12-18T07:28:09","slug":"t-shirt-wwjd-cor-bordeaux","status":"publish","type":"product","link":"https:\/\/stilvoll-by-lila.com\/pt-pt\/produkt\/t-shirt-wwjd-cor-bordeaux\/","title":{"rendered":"T-shirt WWJD, vermelho-vinho"},"content":{"rendered":"<p>A nossa camisola WWJD vermelho-vinho chama logo a aten\u00e7\u00e3o, a come\u00e7ar pela cor. Os detalhes franzidos com p\u00e9rolas d\u00e3o um toque extra de eleg\u00e2ncia e sofistica\u00e7\u00e3o.  Um efeito deslumbrante com um bonito recorte no ombro que acrescenta eleg\u00e2ncia a qualquer par de jeans e que tamb\u00e9m pode ser usado em qualquer festa depois do trabalho.<\/p>\n<p>Material macio e el\u00e1stico que se molda ao teu corpo e te faz sentir confort\u00e1vel. O teu lembrete de boas decis\u00f5es est\u00e1 bordado a dourado no pulso direito. Dispon\u00edvel nos tamanhos S\/M e M\/L.  <\/p>\n","protected":false},"excerpt":{"rendered":"<p>A nossa camisola WWJD vermelho-vinho chama logo a aten\u00e7\u00e3o, a come\u00e7ar pela cor. Os detalhes franzidos com p\u00e9rolas d\u00e3o um toque extra de eleg\u00e2ncia e sofistica\u00e7\u00e3o. Um efeito deslumbrante com um bonito recorte no ombro que acrescenta eleg\u00e2ncia a qualquer par de jeans e que tamb\u00e9m pode ser usado em qualquer festa depois do trabalho. [&hellip;]<\/p>\n","protected":false},"featured_media":1113,"comment_status":"open","ping_status":"closed","template":"","meta":{"inline_featured_image":false,"advanced_seo_description":"","jetpack_seo_html_title":"","jetpack_seo_noindex":false},"product_brand":[],"product_cat":[25],"product_tag":[],"class_list":{"0":"post-993","1":"product","2":"type-product","3":"status-publish","4":"has-post-thumbnail","6":"product_cat-sem-categoria","8":"first","9":"instock","10":"taxable","11":"shipping-taxable","12":"purchasable","13":"product-type-variable"},"jetpack_sharing_enabled":true,"_links":{"self":[{"href":"https:\/\/stilvoll-by-lila.com\/pt-pt\/wp-json\/wp\/v2\/product\/993","targetHints":{"allow":["GET"]}}],"collection":[{"href":"https:\/\/stilvoll-by-lila.com\/pt-pt\/wp-json\/wp\/v2\/product"}],"about":[{"href":"https:\/\/stilvoll-by-lila.com\/pt-pt\/wp-json\/wp\/v2\/types\/product"}],"replies":[{"embeddable":true,"href":"https:\/\/stilvoll-by-lila.com\/pt-pt\/wp-json\/wp\/v2\/comments?post=993"}],"wp:featuredmedia":[{"embeddable":true,"href":"https:\/\/stilvoll-by-lila.com\/pt-pt\/wp-json\/wp\/v2\/media\/1113"}],"wp:attachment":[{"href":"https:\/\/stilvoll-by-lila.com\/pt-pt\/wp-json\/wp\/v2\/media?parent=993"}],"wp:term":[{"taxonomy":"product_brand","embeddable":true,"href":"https:\/\/stilvoll-by-lila.com\/pt-pt\/wp-json\/wp\/v2\/product_brand?post=993"},{"taxonomy":"product_cat","embeddable":true,"href":"https:\/\/stilvoll-by-lila.com\/pt-pt\/wp-json\/wp\/v2\/product_cat?post=993"},{"taxonomy":"product_tag","embeddable":true,"href":"https:\/\/stilvoll-by-lila.com\/pt-pt\/wp-json\/wp\/v2\/product_tag?post=993"}],"curies":[{"name":"wp","href":"https:\/\/api.w.org\/{rel}","templated":true}]}}